{"id":11556,"date":"2017-05-25T12:29:03","date_gmt":"2017-05-25T10:29:03","guid":{"rendered":"https:\/\/gbif.es\/datos-biodiversidad\/participa-en-gbif-es\/herramientas-de-publicacion\/"},"modified":"2020-02-20T10:49:24","modified_gmt":"2020-02-20T09:49:24","slug":"herramientas-de-publicacion","status":"publish","type":"page","link":"https:\/\/gbif.es\/en\/datos-biodiversidad\/publica-en-gbif-es\/herramientas-de-publicacion\/","title":{"rendered":"Publication tools"},"content":{"rendered":"<p style=\"text-align: justify;\">In this section, you will find some tools whose functionalities may be useful when trying to publish biodiversity data through GBIF. These tools will be used when cleaning and improve the quality of biodiversity data, to adapt the format needed to publish those data, etc.<\/p>\n","protected":false},"excerpt":{"rendered":"<p>In this section, you will find some tools whose functionalities may be useful when trying to publish biodiversity data through GBIF. These tools will be used when cleaning and improve the quality of biodiversity data, to adapt the format needed to publish those data, etc.<\/p>\n","protected":false},"author":1,"featured_media":0,"parent":11553,"menu_order":0,"comment_status":"closed","ping_status":"closed","template":"template-herramientaspublicacion.php","meta":{"_acf_changed":false,"_et_pb_use_builder":"on","_et_pb_old_content":"","_et_gb_content_width":"","inline_featured_image":false,"footnotes":""},"class_list":["post-11556","page","type-page","status-publish","hentry"],"acf":[],"yoast_head":"<!-- This site is optimized with the Yoast SEO plugin v27.0 - https:\/\/yoast.com\/product\/yoast-seo-wordpress\/ -->\n<title>Herramientas de publicaci\u00f3n GBIF.ES \u00fatiles para datos de biodiversidad<\/title>\n<meta name=\"description\" content=\"Aqu\u00ed encontrar\u00e1s las herramientas de publicaci\u00f3n GBIF.ES cuyas funcionalidades pueden ser de utilidad en alguno de los puntos del flujo de publicaci\u00f3n de datos. Incluye servicios, software o aplicaciones para la depuraci\u00f3n y mejora de la calidad de los datos, adaptaci\u00f3n al formato de publicaci\u00f3n, conversiones, etc.\" \/>\n<meta name=\"robots\" content=\"index, follow, max-snippet:-1, max-image-preview:large, max-video-preview:-1\" \/>\n<link rel=\"canonical\" href=\"https:\/\/gbif.es\/en\/datos-biodiversidad\/publica-en-gbif-es\/herramientas-de-publicacion\/\" \/>\n<meta property=\"og:locale\" content=\"en_US\" \/>\n<meta property=\"og:type\" content=\"article\" \/>\n<meta property=\"og:title\" content=\"Herramientas de publicaci\u00f3n GBIF.ES \u00fatiles para datos de biodiversidad\" \/>\n<meta property=\"og:description\" content=\"Aqu\u00ed encontrar\u00e1s las herramientas de publicaci\u00f3n GBIF.ES cuyas funcionalidades pueden ser de utilidad en alguno de los puntos del flujo de publicaci\u00f3n de datos. Incluye servicios, software o aplicaciones para la depuraci\u00f3n y mejora de la calidad de los datos, adaptaci\u00f3n al formato de publicaci\u00f3n, conversiones, etc.\" \/>\n<meta property=\"og:url\" content=\"https:\/\/gbif.es\/en\/datos-biodiversidad\/publica-en-gbif-es\/herramientas-de-publicacion\/\" \/>\n<meta property=\"og:site_name\" content=\"GBIF.ES\" \/>\n<meta property=\"article:modified_time\" content=\"2020-02-20T09:49:24+00:00\" \/>\n<meta property=\"og:image\" content=\"https:\/\/gbif.es\/wp-content\/uploads\/2024\/07\/logo-GBIF-RGB-01.png\" \/>\n\t<meta property=\"og:image:width\" content=\"1064\" \/>\n\t<meta property=\"og:image:height\" content=\"554\" \/>\n\t<meta property=\"og:image:type\" content=\"image\/png\" \/>\n<meta name=\"twitter:card\" content=\"summary_large_image\" \/>\n<meta name=\"twitter:site\" content=\"@GbifEs\" \/>\n<script type=\"application\/ld+json\" class=\"yoast-schema-graph\">{\"@context\":\"https:\/\/schema.org\",\"@graph\":[{\"@type\":\"WebPage\",\"@id\":\"https:\/\/gbif.es\/en\/datos-biodiversidad\/publica-en-gbif-es\/herramientas-de-publicacion\/\",\"url\":\"https:\/\/gbif.es\/en\/datos-biodiversidad\/publica-en-gbif-es\/herramientas-de-publicacion\/\",\"name\":\"Herramientas de publicaci\u00f3n GBIF.ES \u00fatiles para datos de biodiversidad\",\"isPartOf\":{\"@id\":\"https:\/\/gbif.es\/#website\"},\"datePublished\":\"2017-05-25T10:29:03+00:00\",\"dateModified\":\"2020-02-20T09:49:24+00:00\",\"description\":\"Aqu\u00ed encontrar\u00e1s las herramientas de publicaci\u00f3n GBIF.ES cuyas funcionalidades pueden ser de utilidad en alguno de los puntos del flujo de publicaci\u00f3n de datos. Incluye servicios, software o aplicaciones para la depuraci\u00f3n y mejora de la calidad de los datos, adaptaci\u00f3n al formato de publicaci\u00f3n, conversiones, etc.\",\"breadcrumb\":{\"@id\":\"https:\/\/gbif.es\/en\/datos-biodiversidad\/publica-en-gbif-es\/herramientas-de-publicacion\/#breadcrumb\"},\"inLanguage\":\"en-US\",\"potentialAction\":[{\"@type\":\"ReadAction\",\"target\":[\"https:\/\/gbif.es\/en\/datos-biodiversidad\/publica-en-gbif-es\/herramientas-de-publicacion\/\"]}]},{\"@type\":\"BreadcrumbList\",\"@id\":\"https:\/\/gbif.es\/en\/datos-biodiversidad\/publica-en-gbif-es\/herramientas-de-publicacion\/#breadcrumb\",\"itemListElement\":[{\"@type\":\"ListItem\",\"position\":1,\"name\":\"Biodiversity Data\",\"item\":\"https:\/\/gbif.es\/en\/datos-biodiversidad\/\"},{\"@type\":\"ListItem\",\"position\":2,\"name\":\"Publish on GBIF.ES\",\"item\":\"https:\/\/gbif.es\/en\/datos-biodiversidad\/publica-en-gbif-es\/\"},{\"@type\":\"ListItem\",\"position\":3,\"name\":\"Publication tools\"}]},{\"@type\":\"WebSite\",\"@id\":\"https:\/\/gbif.es\/#website\",\"url\":\"https:\/\/gbif.es\/\",\"name\":\"GBIF.ES - Nodo Nacional de Informaci\u00f3n en Biodiversidad\",\"description\":\"National Biodiversity Information Node\",\"publisher\":{\"@id\":\"https:\/\/gbif.es\/#organization\"},\"alternateName\":\"GBIF.ES\",\"potentialAction\":[{\"@type\":\"SearchAction\",\"target\":{\"@type\":\"EntryPoint\",\"urlTemplate\":\"https:\/\/gbif.es\/?s={search_term_string}\"},\"query-input\":{\"@type\":\"PropertyValueSpecification\",\"valueRequired\":true,\"valueName\":\"search_term_string\"}}],\"inLanguage\":\"en-US\"},{\"@type\":\"Organization\",\"@id\":\"https:\/\/gbif.es\/#organization\",\"name\":\"GBIF.ES - Nodo Nacional de Informaci\u00f3n en Biodiversidad\",\"url\":\"https:\/\/gbif.es\/\",\"logo\":{\"@type\":\"ImageObject\",\"inLanguage\":\"en-US\",\"@id\":\"https:\/\/gbif.es\/#\/schema\/logo\/image\/\",\"url\":\"https:\/\/gbif.es\/wp-content\/uploads\/2024\/07\/logo-GBIF-RGB-01.png\",\"contentUrl\":\"https:\/\/gbif.es\/wp-content\/uploads\/2024\/07\/logo-GBIF-RGB-01.png\",\"width\":1064,\"height\":554,\"caption\":\"GBIF.ES - Nodo Nacional de Informaci\u00f3n en Biodiversidad\"},\"image\":{\"@id\":\"https:\/\/gbif.es\/#\/schema\/logo\/image\/\"},\"sameAs\":[\"https:\/\/x.com\/GbifEs\",\"https:\/\/www.linkedin.com\/company\/gbif-spain\/\",\"https:\/\/www.instagram.com\/gbifes\/\",\"https:\/\/www.threads.net\/@gbifes\"]}]}<\/script>\n<!-- \/ Yoast SEO plugin. -->","yoast_head_json":{"title":"Herramientas de publicaci\u00f3n GBIF.ES \u00fatiles para datos de biodiversidad","description":"Aqu\u00ed encontrar\u00e1s las herramientas de publicaci\u00f3n GBIF.ES cuyas funcionalidades pueden ser de utilidad en alguno de los puntos del flujo de publicaci\u00f3n de datos. Incluye servicios, software o aplicaciones para la depuraci\u00f3n y mejora de la calidad de los datos, adaptaci\u00f3n al formato de publicaci\u00f3n, conversiones, etc.","robots":{"index":"index","follow":"follow","max-snippet":"max-snippet:-1","max-image-preview":"max-image-preview:large","max-video-preview":"max-video-preview:-1"},"canonical":"https:\/\/gbif.es\/en\/datos-biodiversidad\/publica-en-gbif-es\/herramientas-de-publicacion\/","og_locale":"en_US","og_type":"article","og_title":"Herramientas de publicaci\u00f3n GBIF.ES \u00fatiles para datos de biodiversidad","og_description":"Aqu\u00ed encontrar\u00e1s las herramientas de publicaci\u00f3n GBIF.ES cuyas funcionalidades pueden ser de utilidad en alguno de los puntos del flujo de publicaci\u00f3n de datos. Incluye servicios, software o aplicaciones para la depuraci\u00f3n y mejora de la calidad de los datos, adaptaci\u00f3n al formato de publicaci\u00f3n, conversiones, etc.","og_url":"https:\/\/gbif.es\/en\/datos-biodiversidad\/publica-en-gbif-es\/herramientas-de-publicacion\/","og_site_name":"GBIF.ES","article_modified_time":"2020-02-20T09:49:24+00:00","og_image":[{"width":1064,"height":554,"url":"https:\/\/gbif.es\/wp-content\/uploads\/2024\/07\/logo-GBIF-RGB-01.png","type":"image\/png"}],"twitter_card":"summary_large_image","twitter_site":"@GbifEs","schema":{"@context":"https:\/\/schema.org","@graph":[{"@type":"WebPage","@id":"https:\/\/gbif.es\/en\/datos-biodiversidad\/publica-en-gbif-es\/herramientas-de-publicacion\/","url":"https:\/\/gbif.es\/en\/datos-biodiversidad\/publica-en-gbif-es\/herramientas-de-publicacion\/","name":"Herramientas de publicaci\u00f3n GBIF.ES \u00fatiles para datos de biodiversidad","isPartOf":{"@id":"https:\/\/gbif.es\/#website"},"datePublished":"2017-05-25T10:29:03+00:00","dateModified":"2020-02-20T09:49:24+00:00","description":"Aqu\u00ed encontrar\u00e1s las herramientas de publicaci\u00f3n GBIF.ES cuyas funcionalidades pueden ser de utilidad en alguno de los puntos del flujo de publicaci\u00f3n de datos. Incluye servicios, software o aplicaciones para la depuraci\u00f3n y mejora de la calidad de los datos, adaptaci\u00f3n al formato de publicaci\u00f3n, conversiones, etc.","breadcrumb":{"@id":"https:\/\/gbif.es\/en\/datos-biodiversidad\/publica-en-gbif-es\/herramientas-de-publicacion\/#breadcrumb"},"inLanguage":"en-US","potentialAction":[{"@type":"ReadAction","target":["https:\/\/gbif.es\/en\/datos-biodiversidad\/publica-en-gbif-es\/herramientas-de-publicacion\/"]}]},{"@type":"BreadcrumbList","@id":"https:\/\/gbif.es\/en\/datos-biodiversidad\/publica-en-gbif-es\/herramientas-de-publicacion\/#breadcrumb","itemListElement":[{"@type":"ListItem","position":1,"name":"Biodiversity Data","item":"https:\/\/gbif.es\/en\/datos-biodiversidad\/"},{"@type":"ListItem","position":2,"name":"Publish on GBIF.ES","item":"https:\/\/gbif.es\/en\/datos-biodiversidad\/publica-en-gbif-es\/"},{"@type":"ListItem","position":3,"name":"Publication tools"}]},{"@type":"WebSite","@id":"https:\/\/gbif.es\/#website","url":"https:\/\/gbif.es\/","name":"GBIF.ES - Nodo Nacional de Informaci\u00f3n en Biodiversidad","description":"National Biodiversity Information Node","publisher":{"@id":"https:\/\/gbif.es\/#organization"},"alternateName":"GBIF.ES","potentialAction":[{"@type":"SearchAction","target":{"@type":"EntryPoint","urlTemplate":"https:\/\/gbif.es\/?s={search_term_string}"},"query-input":{"@type":"PropertyValueSpecification","valueRequired":true,"valueName":"search_term_string"}}],"inLanguage":"en-US"},{"@type":"Organization","@id":"https:\/\/gbif.es\/#organization","name":"GBIF.ES - Nodo Nacional de Informaci\u00f3n en Biodiversidad","url":"https:\/\/gbif.es\/","logo":{"@type":"ImageObject","inLanguage":"en-US","@id":"https:\/\/gbif.es\/#\/schema\/logo\/image\/","url":"https:\/\/gbif.es\/wp-content\/uploads\/2024\/07\/logo-GBIF-RGB-01.png","contentUrl":"https:\/\/gbif.es\/wp-content\/uploads\/2024\/07\/logo-GBIF-RGB-01.png","width":1064,"height":554,"caption":"GBIF.ES - Nodo Nacional de Informaci\u00f3n en Biodiversidad"},"image":{"@id":"https:\/\/gbif.es\/#\/schema\/logo\/image\/"},"sameAs":["https:\/\/x.com\/GbifEs","https:\/\/www.linkedin.com\/company\/gbif-spain\/","https:\/\/www.instagram.com\/gbifes\/","https:\/\/www.threads.net\/@gbifes"]}]}},"_links":{"self":[{"href":"https:\/\/gbif.es\/en\/wp-json\/wp\/v2\/pages\/11556","targetHints":{"allow":["GET"]}}],"collection":[{"href":"https:\/\/gbif.es\/en\/wp-json\/wp\/v2\/pages"}],"about":[{"href":"https:\/\/gbif.es\/en\/wp-json\/wp\/v2\/types\/page"}],"author":[{"embeddable":true,"href":"https:\/\/gbif.es\/en\/wp-json\/wp\/v2\/users\/1"}],"replies":[{"embeddable":true,"href":"https:\/\/gbif.es\/en\/wp-json\/wp\/v2\/comments?post=11556"}],"version-history":[{"count":1,"href":"https:\/\/gbif.es\/en\/wp-json\/wp\/v2\/pages\/11556\/revisions"}],"predecessor-version":[{"id":20491,"href":"https:\/\/gbif.es\/en\/wp-json\/wp\/v2\/pages\/11556\/revisions\/20491"}],"up":[{"embeddable":true,"href":"https:\/\/gbif.es\/en\/wp-json\/wp\/v2\/pages\/11553"}],"wp:attachment":[{"href":"https:\/\/gbif.es\/en\/wp-json\/wp\/v2\/media?parent=11556"}],"curies":[{"name":"wp","href":"https:\/\/api.w.org\/{rel}","templated":true}]}}