{"id":11559,"date":"2017-06-07T13:14:59","date_gmt":"2017-06-07T11:14:59","guid":{"rendered":"https:\/\/gbif.es\/formacion\/formacion-y-divulgacion\/"},"modified":"2022-11-17T12:26:43","modified_gmt":"2022-11-17T11:26:43","slug":"formacion-y-divulgacion","status":"publish","type":"page","link":"https:\/\/gbif.es\/en\/formacion\/formacion-y-divulgacion\/","title":{"rendered":"Training and Dissemination"},"content":{"rendered":"<p style=\"text-align: justify;\"><span style=\"font-weight: 400;\">Desde sus inicios GBIF Espa\u00f1a ha apostado por la formaci\u00f3n como un medio para dar a conocer las posibilidades que ofrece la infraestructura de datos de GBIF (software, portal de datos, etc.) y tratar aspectos relacionados con el uso y aprovechamiento de los datos de biodiversidad (modelizaci\u00f3n, calidad, legislaci\u00f3n, etc.). Desde esta secci\u00f3n puedes acceder a todas las actividades que ha organizado o en las que ha participado la Unidad de Coordinaci\u00f3n de GBIF Espa\u00f1a, as\u00ed como a los materiales producidos o utilizados en cada uno de los talleres. <\/span><\/p>\n","protected":false},"excerpt":{"rendered":"<p>Desde sus inicios GBIF Espa\u00f1a ha apostado por la formaci\u00f3n como un medio para dar a conocer las posibilidades que ofrece la infraestructura de datos de GBIF (software, portal de datos, etc.) y tratar aspectos relacionados con el uso y aprovechamiento de los datos de biodiversidad (modelizaci\u00f3n, calidad, legislaci\u00f3n, etc.). Desde esta secci\u00f3n puedes acceder [&hellip;]<\/p>\n","protected":false},"author":1,"featured_media":0,"parent":10815,"menu_order":0,"comment_status":"closed","ping_status":"closed","template":"template-talleres.php","meta":{"_acf_changed":false,"_et_pb_use_builder":"","_et_pb_old_content":"","_et_gb_content_width":"","inline_featured_image":false,"footnotes":""},"class_list":["post-11559","page","type-page","status-publish","hentry"],"acf":[],"yoast_head":"<!-- This site is optimized with the Yoast SEO plugin v27.0 - https:\/\/yoast.com\/product\/yoast-seo-wordpress\/ -->\n<title>Historial de actividades formativas organizadas por GBIF.ES<\/title>\n<meta name=\"description\" content=\"Desde esta secci\u00f3n puedes acceder a todas las actividades formativas que ha organizado o en las que ha participado la Unidad de Coordinaci\u00f3n de GBIF Espa\u00f1a, as\u00ed como a los materiales producidos o utilizados en cada uno de los talleres.\" \/>\n<meta name=\"robots\" content=\"index, follow, max-snippet:-1, max-image-preview:large, max-video-preview:-1\" \/>\n<link rel=\"canonical\" href=\"https:\/\/gbif.es\/en\/formacion\/formacion-y-divulgacion\/\" \/>\n<meta property=\"og:locale\" content=\"en_US\" \/>\n<meta property=\"og:type\" content=\"article\" \/>\n<meta property=\"og:title\" content=\"Historial de actividades formativas organizadas por GBIF.ES\" \/>\n<meta property=\"og:description\" content=\"Desde esta secci\u00f3n puedes acceder a todas las actividades formativas que ha organizado o en las que ha participado la Unidad de Coordinaci\u00f3n de GBIF Espa\u00f1a, as\u00ed como a los materiales producidos o utilizados en cada uno de los talleres.\" \/>\n<meta property=\"og:url\" content=\"https:\/\/gbif.es\/en\/formacion\/formacion-y-divulgacion\/\" \/>\n<meta property=\"og:site_name\" content=\"GBIF.ES\" \/>\n<meta property=\"article:modified_time\" content=\"2022-11-17T11:26:43+00:00\" \/>\n<meta property=\"og:image\" content=\"https:\/\/gbif.es\/wp-content\/uploads\/2024\/07\/logo-GBIF-RGB-01.png\" \/>\n\t<meta property=\"og:image:width\" content=\"1064\" \/>\n\t<meta property=\"og:image:height\" content=\"554\" \/>\n\t<meta property=\"og:image:type\" content=\"image\/png\" \/>\n<meta name=\"twitter:card\" content=\"summary_large_image\" \/>\n<meta name=\"twitter:site\" content=\"@GbifEs\" \/>\n<script type=\"application\/ld+json\" class=\"yoast-schema-graph\">{\"@context\":\"https:\/\/schema.org\",\"@graph\":[{\"@type\":\"WebPage\",\"@id\":\"https:\/\/gbif.es\/en\/formacion\/formacion-y-divulgacion\/\",\"url\":\"https:\/\/gbif.es\/en\/formacion\/formacion-y-divulgacion\/\",\"name\":\"Historial de actividades formativas organizadas por GBIF.ES\",\"isPartOf\":{\"@id\":\"https:\/\/gbif.es\/#website\"},\"datePublished\":\"2017-06-07T11:14:59+00:00\",\"dateModified\":\"2022-11-17T11:26:43+00:00\",\"description\":\"Desde esta secci\u00f3n puedes acceder a todas las actividades formativas que ha organizado o en las que ha participado la Unidad de Coordinaci\u00f3n de GBIF Espa\u00f1a, as\u00ed como a los materiales producidos o utilizados en cada uno de los talleres.\",\"breadcrumb\":{\"@id\":\"https:\/\/gbif.es\/en\/formacion\/formacion-y-divulgacion\/#breadcrumb\"},\"inLanguage\":\"en-US\",\"potentialAction\":[{\"@type\":\"ReadAction\",\"target\":[\"https:\/\/gbif.es\/en\/formacion\/formacion-y-divulgacion\/\"]}]},{\"@type\":\"BreadcrumbList\",\"@id\":\"https:\/\/gbif.es\/en\/formacion\/formacion-y-divulgacion\/#breadcrumb\",\"itemListElement\":[{\"@type\":\"ListItem\",\"position\":1,\"name\":\"Training\",\"item\":\"https:\/\/gbif.es\/en\/formacion\/\"},{\"@type\":\"ListItem\",\"position\":2,\"name\":\"Training and Dissemination\"}]},{\"@type\":\"WebSite\",\"@id\":\"https:\/\/gbif.es\/#website\",\"url\":\"https:\/\/gbif.es\/\",\"name\":\"GBIF.ES - Nodo Nacional de Informaci\u00f3n en Biodiversidad\",\"description\":\"National Biodiversity Information Node\",\"publisher\":{\"@id\":\"https:\/\/gbif.es\/#organization\"},\"alternateName\":\"GBIF.ES\",\"potentialAction\":[{\"@type\":\"SearchAction\",\"target\":{\"@type\":\"EntryPoint\",\"urlTemplate\":\"https:\/\/gbif.es\/?s={search_term_string}\"},\"query-input\":{\"@type\":\"PropertyValueSpecification\",\"valueRequired\":true,\"valueName\":\"search_term_string\"}}],\"inLanguage\":\"en-US\"},{\"@type\":\"Organization\",\"@id\":\"https:\/\/gbif.es\/#organization\",\"name\":\"GBIF.ES - Nodo Nacional de Informaci\u00f3n en Biodiversidad\",\"url\":\"https:\/\/gbif.es\/\",\"logo\":{\"@type\":\"ImageObject\",\"inLanguage\":\"en-US\",\"@id\":\"https:\/\/gbif.es\/#\/schema\/logo\/image\/\",\"url\":\"https:\/\/gbif.es\/wp-content\/uploads\/2024\/07\/logo-GBIF-RGB-01.png\",\"contentUrl\":\"https:\/\/gbif.es\/wp-content\/uploads\/2024\/07\/logo-GBIF-RGB-01.png\",\"width\":1064,\"height\":554,\"caption\":\"GBIF.ES - Nodo Nacional de Informaci\u00f3n en Biodiversidad\"},\"image\":{\"@id\":\"https:\/\/gbif.es\/#\/schema\/logo\/image\/\"},\"sameAs\":[\"https:\/\/x.com\/GbifEs\",\"https:\/\/www.linkedin.com\/company\/gbif-spain\/\",\"https:\/\/www.instagram.com\/gbifes\/\",\"https:\/\/www.threads.net\/@gbifes\"]}]}<\/script>\n<!-- \/ Yoast SEO plugin. -->","yoast_head_json":{"title":"Historial de actividades formativas organizadas por GBIF.ES","description":"Desde esta secci\u00f3n puedes acceder a todas las actividades formativas que ha organizado o en las que ha participado la Unidad de Coordinaci\u00f3n de GBIF Espa\u00f1a, as\u00ed como a los materiales producidos o utilizados en cada uno de los talleres.","robots":{"index":"index","follow":"follow","max-snippet":"max-snippet:-1","max-image-preview":"max-image-preview:large","max-video-preview":"max-video-preview:-1"},"canonical":"https:\/\/gbif.es\/en\/formacion\/formacion-y-divulgacion\/","og_locale":"en_US","og_type":"article","og_title":"Historial de actividades formativas organizadas por GBIF.ES","og_description":"Desde esta secci\u00f3n puedes acceder a todas las actividades formativas que ha organizado o en las que ha participado la Unidad de Coordinaci\u00f3n de GBIF Espa\u00f1a, as\u00ed como a los materiales producidos o utilizados en cada uno de los talleres.","og_url":"https:\/\/gbif.es\/en\/formacion\/formacion-y-divulgacion\/","og_site_name":"GBIF.ES","article_modified_time":"2022-11-17T11:26:43+00:00","og_image":[{"width":1064,"height":554,"url":"https:\/\/gbif.es\/wp-content\/uploads\/2024\/07\/logo-GBIF-RGB-01.png","type":"image\/png"}],"twitter_card":"summary_large_image","twitter_site":"@GbifEs","schema":{"@context":"https:\/\/schema.org","@graph":[{"@type":"WebPage","@id":"https:\/\/gbif.es\/en\/formacion\/formacion-y-divulgacion\/","url":"https:\/\/gbif.es\/en\/formacion\/formacion-y-divulgacion\/","name":"Historial de actividades formativas organizadas por GBIF.ES","isPartOf":{"@id":"https:\/\/gbif.es\/#website"},"datePublished":"2017-06-07T11:14:59+00:00","dateModified":"2022-11-17T11:26:43+00:00","description":"Desde esta secci\u00f3n puedes acceder a todas las actividades formativas que ha organizado o en las que ha participado la Unidad de Coordinaci\u00f3n de GBIF Espa\u00f1a, as\u00ed como a los materiales producidos o utilizados en cada uno de los talleres.","breadcrumb":{"@id":"https:\/\/gbif.es\/en\/formacion\/formacion-y-divulgacion\/#breadcrumb"},"inLanguage":"en-US","potentialAction":[{"@type":"ReadAction","target":["https:\/\/gbif.es\/en\/formacion\/formacion-y-divulgacion\/"]}]},{"@type":"BreadcrumbList","@id":"https:\/\/gbif.es\/en\/formacion\/formacion-y-divulgacion\/#breadcrumb","itemListElement":[{"@type":"ListItem","position":1,"name":"Training","item":"https:\/\/gbif.es\/en\/formacion\/"},{"@type":"ListItem","position":2,"name":"Training and Dissemination"}]},{"@type":"WebSite","@id":"https:\/\/gbif.es\/#website","url":"https:\/\/gbif.es\/","name":"GBIF.ES - Nodo Nacional de Informaci\u00f3n en Biodiversidad","description":"National Biodiversity Information Node","publisher":{"@id":"https:\/\/gbif.es\/#organization"},"alternateName":"GBIF.ES","potentialAction":[{"@type":"SearchAction","target":{"@type":"EntryPoint","urlTemplate":"https:\/\/gbif.es\/?s={search_term_string}"},"query-input":{"@type":"PropertyValueSpecification","valueRequired":true,"valueName":"search_term_string"}}],"inLanguage":"en-US"},{"@type":"Organization","@id":"https:\/\/gbif.es\/#organization","name":"GBIF.ES - Nodo Nacional de Informaci\u00f3n en Biodiversidad","url":"https:\/\/gbif.es\/","logo":{"@type":"ImageObject","inLanguage":"en-US","@id":"https:\/\/gbif.es\/#\/schema\/logo\/image\/","url":"https:\/\/gbif.es\/wp-content\/uploads\/2024\/07\/logo-GBIF-RGB-01.png","contentUrl":"https:\/\/gbif.es\/wp-content\/uploads\/2024\/07\/logo-GBIF-RGB-01.png","width":1064,"height":554,"caption":"GBIF.ES - Nodo Nacional de Informaci\u00f3n en Biodiversidad"},"image":{"@id":"https:\/\/gbif.es\/#\/schema\/logo\/image\/"},"sameAs":["https:\/\/x.com\/GbifEs","https:\/\/www.linkedin.com\/company\/gbif-spain\/","https:\/\/www.instagram.com\/gbifes\/","https:\/\/www.threads.net\/@gbifes"]}]}},"_links":{"self":[{"href":"https:\/\/gbif.es\/en\/wp-json\/wp\/v2\/pages\/11559","targetHints":{"allow":["GET"]}}],"collection":[{"href":"https:\/\/gbif.es\/en\/wp-json\/wp\/v2\/pages"}],"about":[{"href":"https:\/\/gbif.es\/en\/wp-json\/wp\/v2\/types\/page"}],"author":[{"embeddable":true,"href":"https:\/\/gbif.es\/en\/wp-json\/wp\/v2\/users\/1"}],"replies":[{"embeddable":true,"href":"https:\/\/gbif.es\/en\/wp-json\/wp\/v2\/comments?post=11559"}],"version-history":[{"count":3,"href":"https:\/\/gbif.es\/en\/wp-json\/wp\/v2\/pages\/11559\/revisions"}],"predecessor-version":[{"id":29414,"href":"https:\/\/gbif.es\/en\/wp-json\/wp\/v2\/pages\/11559\/revisions\/29414"}],"up":[{"embeddable":true,"href":"https:\/\/gbif.es\/en\/wp-json\/wp\/v2\/pages\/10815"}],"wp:attachment":[{"href":"https:\/\/gbif.es\/en\/wp-json\/wp\/v2\/media?parent=11559"}],"curies":[{"name":"wp","href":"https:\/\/api.w.org\/{rel}","templated":true}]}}