{"id":11560,"date":"2017-10-30T09:03:30","date_gmt":"2017-10-30T08:03:30","guid":{"rendered":"https:\/\/gbif.es\/guia-de-publicacion\/"},"modified":"2024-05-27T13:30:43","modified_gmt":"2024-05-27T11:30:43","slug":"guia-de-publicacion","status":"publish","type":"page","link":"https:\/\/gbif.es\/en\/guia-de-publicacion\/","title":{"rendered":"Publication Guide"},"content":{"rendered":"<p style=\"text-align: justify;\">This guide aims to help you clear up your doubts regarding the publication of data through the GBIF network.<\/p>\n<p style=\"text-align: justify;\">Publication consists of sharing your biodiversity data with the world through our platform, with globally accepted standards, offering free access and use in accordance with established use licenses. In this context, data providers have full control over what information to share and how to do it.<\/p>\n","protected":false},"excerpt":{"rendered":"<p>This guide aims to help you clear up your doubts regarding the publication of data through the GBIF network. Publication consists of sharing your biodiversity data with the world through our platform, with globally accepted standards, offering free access and use in accordance with established use licenses. In this context, data providers have full control [&hellip;]<\/p>\n","protected":false},"author":1,"featured_media":0,"parent":0,"menu_order":0,"comment_status":"closed","ping_status":"closed","template":"template-guiadepublicacion.php","meta":{"_acf_changed":false,"_et_pb_use_builder":"","_et_pb_old_content":"","_et_gb_content_width":"","inline_featured_image":false,"footnotes":""},"class_list":["post-11560","page","type-page","status-publish","hentry"],"acf":[],"yoast_head":"<!-- This site is optimized with the Yoast SEO plugin v27.0 - https:\/\/yoast.com\/product\/yoast-seo-wordpress\/ -->\n<title>Gu\u00eda de Publicaci\u00f3n GBIF.ES - pasos para publicar datos de biodiversidad<\/title>\n<meta name=\"description\" content=\"Esta gu\u00eda pretende ayudar a que despejes tus dudas con respecto a la publicaci\u00f3n de datos a trav\u00e9s de la red de GBIF. Aqu\u00ed encontrar\u00e1s los pasos para publicar tus datos de biodiversidad y documentaci\u00f3n necesaria durante el proceso\" \/>\n<meta name=\"robots\" content=\"index, follow, max-snippet:-1, max-image-preview:large, max-video-preview:-1\" \/>\n<link rel=\"canonical\" href=\"https:\/\/gbif.es\/en\/guia-de-publicacion\/\" \/>\n<meta property=\"og:locale\" content=\"en_US\" \/>\n<meta property=\"og:type\" content=\"article\" \/>\n<meta property=\"og:title\" content=\"Gu\u00eda de Publicaci\u00f3n GBIF.ES - pasos para publicar datos de biodiversidad\" \/>\n<meta property=\"og:description\" content=\"Esta gu\u00eda pretende ayudar a que despejes tus dudas con respecto a la publicaci\u00f3n de datos a trav\u00e9s de la red de GBIF. Aqu\u00ed encontrar\u00e1s los pasos para publicar tus datos de biodiversidad y documentaci\u00f3n necesaria durante el proceso\" \/>\n<meta property=\"og:url\" content=\"https:\/\/gbif.es\/en\/guia-de-publicacion\/\" \/>\n<meta property=\"og:site_name\" content=\"GBIF.ES\" \/>\n<meta property=\"article:modified_time\" content=\"2024-05-27T11:30:43+00:00\" \/>\n<meta property=\"og:image\" content=\"https:\/\/gbif.es\/wp-content\/uploads\/2024\/07\/logo-GBIF-RGB-01.png\" \/>\n\t<meta property=\"og:image:width\" content=\"1064\" \/>\n\t<meta property=\"og:image:height\" content=\"554\" \/>\n\t<meta property=\"og:image:type\" content=\"image\/png\" \/>\n<meta name=\"twitter:card\" content=\"summary_large_image\" \/>\n<meta name=\"twitter:site\" content=\"@GbifEs\" \/>\n<meta name=\"twitter:label1\" content=\"Est. reading time\" \/>\n\t<meta name=\"twitter:data1\" content=\"1 minute\" \/>\n<script type=\"application\/ld+json\" class=\"yoast-schema-graph\">{\"@context\":\"https:\/\/schema.org\",\"@graph\":[{\"@type\":\"WebPage\",\"@id\":\"https:\/\/gbif.es\/en\/guia-de-publicacion\/\",\"url\":\"https:\/\/gbif.es\/en\/guia-de-publicacion\/\",\"name\":\"Gu\u00eda de Publicaci\u00f3n GBIF.ES - pasos para publicar datos de biodiversidad\",\"isPartOf\":{\"@id\":\"https:\/\/gbif.es\/#website\"},\"datePublished\":\"2017-10-30T08:03:30+00:00\",\"dateModified\":\"2024-05-27T11:30:43+00:00\",\"description\":\"Esta gu\u00eda pretende ayudar a que despejes tus dudas con respecto a la publicaci\u00f3n de datos a trav\u00e9s de la red de GBIF. Aqu\u00ed encontrar\u00e1s los pasos para publicar tus datos de biodiversidad y documentaci\u00f3n necesaria durante el proceso\",\"inLanguage\":\"en-US\",\"potentialAction\":[{\"@type\":\"ReadAction\",\"target\":[\"https:\/\/gbif.es\/en\/guia-de-publicacion\/\"]}]},{\"@type\":\"WebSite\",\"@id\":\"https:\/\/gbif.es\/#website\",\"url\":\"https:\/\/gbif.es\/\",\"name\":\"GBIF.ES - Nodo Nacional de Informaci\u00f3n en Biodiversidad\",\"description\":\"National Biodiversity Information Node\",\"publisher\":{\"@id\":\"https:\/\/gbif.es\/#organization\"},\"alternateName\":\"GBIF.ES\",\"potentialAction\":[{\"@type\":\"SearchAction\",\"target\":{\"@type\":\"EntryPoint\",\"urlTemplate\":\"https:\/\/gbif.es\/?s={search_term_string}\"},\"query-input\":{\"@type\":\"PropertyValueSpecification\",\"valueRequired\":true,\"valueName\":\"search_term_string\"}}],\"inLanguage\":\"en-US\"},{\"@type\":\"Organization\",\"@id\":\"https:\/\/gbif.es\/#organization\",\"name\":\"GBIF.ES - Nodo Nacional de Informaci\u00f3n en Biodiversidad\",\"url\":\"https:\/\/gbif.es\/\",\"logo\":{\"@type\":\"ImageObject\",\"inLanguage\":\"en-US\",\"@id\":\"https:\/\/gbif.es\/#\/schema\/logo\/image\/\",\"url\":\"https:\/\/gbif.es\/wp-content\/uploads\/2024\/07\/logo-GBIF-RGB-01.png\",\"contentUrl\":\"https:\/\/gbif.es\/wp-content\/uploads\/2024\/07\/logo-GBIF-RGB-01.png\",\"width\":1064,\"height\":554,\"caption\":\"GBIF.ES - Nodo Nacional de Informaci\u00f3n en Biodiversidad\"},\"image\":{\"@id\":\"https:\/\/gbif.es\/#\/schema\/logo\/image\/\"},\"sameAs\":[\"https:\/\/x.com\/GbifEs\",\"https:\/\/www.linkedin.com\/company\/gbif-spain\/\",\"https:\/\/www.instagram.com\/gbifes\/\",\"https:\/\/www.threads.net\/@gbifes\"]}]}<\/script>\n<!-- \/ Yoast SEO plugin. -->","yoast_head_json":{"title":"Gu\u00eda de Publicaci\u00f3n GBIF.ES - pasos para publicar datos de biodiversidad","description":"Esta gu\u00eda pretende ayudar a que despejes tus dudas con respecto a la publicaci\u00f3n de datos a trav\u00e9s de la red de GBIF. Aqu\u00ed encontrar\u00e1s los pasos para publicar tus datos de biodiversidad y documentaci\u00f3n necesaria durante el proceso","robots":{"index":"index","follow":"follow","max-snippet":"max-snippet:-1","max-image-preview":"max-image-preview:large","max-video-preview":"max-video-preview:-1"},"canonical":"https:\/\/gbif.es\/en\/guia-de-publicacion\/","og_locale":"en_US","og_type":"article","og_title":"Gu\u00eda de Publicaci\u00f3n GBIF.ES - pasos para publicar datos de biodiversidad","og_description":"Esta gu\u00eda pretende ayudar a que despejes tus dudas con respecto a la publicaci\u00f3n de datos a trav\u00e9s de la red de GBIF. Aqu\u00ed encontrar\u00e1s los pasos para publicar tus datos de biodiversidad y documentaci\u00f3n necesaria durante el proceso","og_url":"https:\/\/gbif.es\/en\/guia-de-publicacion\/","og_site_name":"GBIF.ES","article_modified_time":"2024-05-27T11:30:43+00:00","og_image":[{"width":1064,"height":554,"url":"https:\/\/gbif.es\/wp-content\/uploads\/2024\/07\/logo-GBIF-RGB-01.png","type":"image\/png"}],"twitter_card":"summary_large_image","twitter_site":"@GbifEs","twitter_misc":{"Est. reading time":"1 minute"},"schema":{"@context":"https:\/\/schema.org","@graph":[{"@type":"WebPage","@id":"https:\/\/gbif.es\/en\/guia-de-publicacion\/","url":"https:\/\/gbif.es\/en\/guia-de-publicacion\/","name":"Gu\u00eda de Publicaci\u00f3n GBIF.ES - pasos para publicar datos de biodiversidad","isPartOf":{"@id":"https:\/\/gbif.es\/#website"},"datePublished":"2017-10-30T08:03:30+00:00","dateModified":"2024-05-27T11:30:43+00:00","description":"Esta gu\u00eda pretende ayudar a que despejes tus dudas con respecto a la publicaci\u00f3n de datos a trav\u00e9s de la red de GBIF. Aqu\u00ed encontrar\u00e1s los pasos para publicar tus datos de biodiversidad y documentaci\u00f3n necesaria durante el proceso","inLanguage":"en-US","potentialAction":[{"@type":"ReadAction","target":["https:\/\/gbif.es\/en\/guia-de-publicacion\/"]}]},{"@type":"WebSite","@id":"https:\/\/gbif.es\/#website","url":"https:\/\/gbif.es\/","name":"GBIF.ES - Nodo Nacional de Informaci\u00f3n en Biodiversidad","description":"National Biodiversity Information Node","publisher":{"@id":"https:\/\/gbif.es\/#organization"},"alternateName":"GBIF.ES","potentialAction":[{"@type":"SearchAction","target":{"@type":"EntryPoint","urlTemplate":"https:\/\/gbif.es\/?s={search_term_string}"},"query-input":{"@type":"PropertyValueSpecification","valueRequired":true,"valueName":"search_term_string"}}],"inLanguage":"en-US"},{"@type":"Organization","@id":"https:\/\/gbif.es\/#organization","name":"GBIF.ES - Nodo Nacional de Informaci\u00f3n en Biodiversidad","url":"https:\/\/gbif.es\/","logo":{"@type":"ImageObject","inLanguage":"en-US","@id":"https:\/\/gbif.es\/#\/schema\/logo\/image\/","url":"https:\/\/gbif.es\/wp-content\/uploads\/2024\/07\/logo-GBIF-RGB-01.png","contentUrl":"https:\/\/gbif.es\/wp-content\/uploads\/2024\/07\/logo-GBIF-RGB-01.png","width":1064,"height":554,"caption":"GBIF.ES - Nodo Nacional de Informaci\u00f3n en Biodiversidad"},"image":{"@id":"https:\/\/gbif.es\/#\/schema\/logo\/image\/"},"sameAs":["https:\/\/x.com\/GbifEs","https:\/\/www.linkedin.com\/company\/gbif-spain\/","https:\/\/www.instagram.com\/gbifes\/","https:\/\/www.threads.net\/@gbifes"]}]}},"_links":{"self":[{"href":"https:\/\/gbif.es\/en\/wp-json\/wp\/v2\/pages\/11560","targetHints":{"allow":["GET"]}}],"collection":[{"href":"https:\/\/gbif.es\/en\/wp-json\/wp\/v2\/pages"}],"about":[{"href":"https:\/\/gbif.es\/en\/wp-json\/wp\/v2\/types\/page"}],"author":[{"embeddable":true,"href":"https:\/\/gbif.es\/en\/wp-json\/wp\/v2\/users\/1"}],"replies":[{"embeddable":true,"href":"https:\/\/gbif.es\/en\/wp-json\/wp\/v2\/comments?post=11560"}],"version-history":[{"count":3,"href":"https:\/\/gbif.es\/en\/wp-json\/wp\/v2\/pages\/11560\/revisions"}],"predecessor-version":[{"id":30394,"href":"https:\/\/gbif.es\/en\/wp-json\/wp\/v2\/pages\/11560\/revisions\/30394"}],"wp:attachment":[{"href":"https:\/\/gbif.es\/en\/wp-json\/wp\/v2\/media?parent=11560"}],"curies":[{"name":"wp","href":"https:\/\/api.w.org\/{rel}","templated":true}]}}