{"id":25771,"date":"2022-07-04T11:07:39","date_gmt":"2022-07-04T09:07:39","guid":{"rendered":"https:\/\/gbif.es\/?page_id=25771"},"modified":"2024-02-16T12:49:23","modified_gmt":"2024-02-16T11:49:23","slug":"jornadas-administraciones-ambientales","status":"publish","type":"page","link":"https:\/\/gbif.es\/en\/stakeholders\/jornadas-administraciones-ambientales\/","title":{"rendered":"Environmental Administrations (ES)"},"content":{"rendered":"<p style=\"text-align: justify;\">Esta secci\u00f3n est\u00e1 dedicada a las administraciones p\u00fablicas que trabajan en aspectos relacionados con la informaci\u00f3n en biodiversidad, bien como base para la gesti\u00f3n, bien para dar un servicio p\u00fablico. Un tema recurrente en este contexto es la duplicidad de esfuerzos &#8211;desarrollando soluciones similares en paralelo con poco contacto transversal&#8211; o la necesidad de integrar distintas fuentes de informaci\u00f3n &#8212; sean \u00e9stas referentes a la biodiversidad o relacionadas con la misma (de usos, de h\u00e1bitats, clim\u00e1ticas, etc.).<\/p>\n","protected":false},"excerpt":{"rendered":"<p>Esta secci\u00f3n est\u00e1 dedicada a las administraciones p\u00fablicas que trabajan en aspectos relacionados con la informaci\u00f3n en biodiversidad, bien como base para la gesti\u00f3n, bien para dar un servicio p\u00fablico. Un tema recurrente en este contexto es la duplicidad de esfuerzos &#8211;desarrollando soluciones similares en paralelo con poco contacto transversal&#8211; o la necesidad de integrar [&hellip;]<\/p>\n","protected":false},"author":14,"featured_media":0,"parent":11541,"menu_order":0,"comment_status":"closed","ping_status":"closed","template":"template-colaboraciones.php","meta":{"_acf_changed":false,"_et_pb_use_builder":"","_et_pb_old_content":"","_et_gb_content_width":"","inline_featured_image":false,"footnotes":""},"class_list":["post-25771","page","type-page","status-publish","hentry"],"acf":[],"yoast_head":"<!-- This site is optimized with the Yoast SEO plugin v27.0 - https:\/\/yoast.com\/product\/yoast-seo-wordpress\/ -->\n<title>Environmental Administrations (ES) - GBIF.ES<\/title>\n<meta name=\"robots\" content=\"index, follow, max-snippet:-1, max-image-preview:large, max-video-preview:-1\" \/>\n<link rel=\"canonical\" href=\"https:\/\/gbif.es\/en\/stakeholders\/jornadas-administraciones-ambientales\/\" \/>\n<meta property=\"og:locale\" content=\"en_US\" \/>\n<meta property=\"og:type\" content=\"article\" \/>\n<meta property=\"og:title\" content=\"Environmental Administrations (ES) - GBIF.ES\" \/>\n<meta property=\"og:description\" content=\"Esta secci\u00f3n est\u00e1 dedicada a las administraciones p\u00fablicas que trabajan en aspectos relacionados con la informaci\u00f3n en biodiversidad, bien como base para la gesti\u00f3n, bien para dar un servicio p\u00fablico. Un tema recurrente en este contexto es la duplicidad de esfuerzos &#8211;desarrollando soluciones similares en paralelo con poco contacto transversal&#8211; o la necesidad de integrar [&hellip;]\" \/>\n<meta property=\"og:url\" content=\"https:\/\/gbif.es\/en\/stakeholders\/jornadas-administraciones-ambientales\/\" \/>\n<meta property=\"og:site_name\" content=\"GBIF.ES\" \/>\n<meta property=\"article:modified_time\" content=\"2024-02-16T11:49:23+00:00\" \/>\n<meta property=\"og:image\" content=\"https:\/\/gbif.es\/wp-content\/uploads\/2024\/07\/logo-GBIF-RGB-01.png\" \/>\n\t<meta property=\"og:image:width\" content=\"1064\" \/>\n\t<meta property=\"og:image:height\" content=\"554\" \/>\n\t<meta property=\"og:image:type\" content=\"image\/png\" \/>\n<meta name=\"twitter:card\" content=\"summary_large_image\" \/>\n<meta name=\"twitter:site\" content=\"@GbifEs\" \/>\n<meta name=\"twitter:label1\" content=\"Est. reading time\" \/>\n\t<meta name=\"twitter:data1\" content=\"1 minute\" \/>\n<script type=\"application\/ld+json\" class=\"yoast-schema-graph\">{\"@context\":\"https:\/\/schema.org\",\"@graph\":[{\"@type\":\"WebPage\",\"@id\":\"https:\/\/gbif.es\/en\/stakeholders\/jornadas-administraciones-ambientales\/\",\"url\":\"https:\/\/gbif.es\/en\/stakeholders\/jornadas-administraciones-ambientales\/\",\"name\":\"Environmental Administrations (ES) - GBIF.ES\",\"isPartOf\":{\"@id\":\"https:\/\/gbif.es\/#website\"},\"datePublished\":\"2022-07-04T09:07:39+00:00\",\"dateModified\":\"2024-02-16T11:49:23+00:00\",\"breadcrumb\":{\"@id\":\"https:\/\/gbif.es\/en\/stakeholders\/jornadas-administraciones-ambientales\/#breadcrumb\"},\"inLanguage\":\"en-US\",\"potentialAction\":[{\"@type\":\"ReadAction\",\"target\":[\"https:\/\/gbif.es\/en\/stakeholders\/jornadas-administraciones-ambientales\/\"]}]},{\"@type\":\"BreadcrumbList\",\"@id\":\"https:\/\/gbif.es\/en\/stakeholders\/jornadas-administraciones-ambientales\/#breadcrumb\",\"itemListElement\":[{\"@type\":\"ListItem\",\"position\":1,\"name\":\"Stakeholders\",\"item\":\"https:\/\/gbif.es\/en\/stakeholders\/\"},{\"@type\":\"ListItem\",\"position\":2,\"name\":\"Environmental Administrations (ES)\"}]},{\"@type\":\"WebSite\",\"@id\":\"https:\/\/gbif.es\/#website\",\"url\":\"https:\/\/gbif.es\/\",\"name\":\"GBIF.ES - Nodo Nacional de Informaci\u00f3n en Biodiversidad\",\"description\":\"National Biodiversity Information Node\",\"publisher\":{\"@id\":\"https:\/\/gbif.es\/#organization\"},\"alternateName\":\"GBIF.ES\",\"potentialAction\":[{\"@type\":\"SearchAction\",\"target\":{\"@type\":\"EntryPoint\",\"urlTemplate\":\"https:\/\/gbif.es\/?s={search_term_string}\"},\"query-input\":{\"@type\":\"PropertyValueSpecification\",\"valueRequired\":true,\"valueName\":\"search_term_string\"}}],\"inLanguage\":\"en-US\"},{\"@type\":\"Organization\",\"@id\":\"https:\/\/gbif.es\/#organization\",\"name\":\"GBIF.ES - Nodo Nacional de Informaci\u00f3n en Biodiversidad\",\"url\":\"https:\/\/gbif.es\/\",\"logo\":{\"@type\":\"ImageObject\",\"inLanguage\":\"en-US\",\"@id\":\"https:\/\/gbif.es\/#\/schema\/logo\/image\/\",\"url\":\"https:\/\/gbif.es\/wp-content\/uploads\/2024\/07\/logo-GBIF-RGB-01.png\",\"contentUrl\":\"https:\/\/gbif.es\/wp-content\/uploads\/2024\/07\/logo-GBIF-RGB-01.png\",\"width\":1064,\"height\":554,\"caption\":\"GBIF.ES - Nodo Nacional de Informaci\u00f3n en Biodiversidad\"},\"image\":{\"@id\":\"https:\/\/gbif.es\/#\/schema\/logo\/image\/\"},\"sameAs\":[\"https:\/\/x.com\/GbifEs\",\"https:\/\/www.linkedin.com\/company\/gbif-spain\/\",\"https:\/\/www.instagram.com\/gbifes\/\",\"https:\/\/www.threads.net\/@gbifes\"]}]}<\/script>\n<!-- \/ Yoast SEO plugin. -->","yoast_head_json":{"title":"Environmental Administrations (ES) - GBIF.ES","robots":{"index":"index","follow":"follow","max-snippet":"max-snippet:-1","max-image-preview":"max-image-preview:large","max-video-preview":"max-video-preview:-1"},"canonical":"https:\/\/gbif.es\/en\/stakeholders\/jornadas-administraciones-ambientales\/","og_locale":"en_US","og_type":"article","og_title":"Environmental Administrations (ES) - GBIF.ES","og_description":"Esta secci\u00f3n est\u00e1 dedicada a las administraciones p\u00fablicas que trabajan en aspectos relacionados con la informaci\u00f3n en biodiversidad, bien como base para la gesti\u00f3n, bien para dar un servicio p\u00fablico. Un tema recurrente en este contexto es la duplicidad de esfuerzos &#8211;desarrollando soluciones similares en paralelo con poco contacto transversal&#8211; o la necesidad de integrar [&hellip;]","og_url":"https:\/\/gbif.es\/en\/stakeholders\/jornadas-administraciones-ambientales\/","og_site_name":"GBIF.ES","article_modified_time":"2024-02-16T11:49:23+00:00","og_image":[{"width":1064,"height":554,"url":"https:\/\/gbif.es\/wp-content\/uploads\/2024\/07\/logo-GBIF-RGB-01.png","type":"image\/png"}],"twitter_card":"summary_large_image","twitter_site":"@GbifEs","twitter_misc":{"Est. reading time":"1 minute"},"schema":{"@context":"https:\/\/schema.org","@graph":[{"@type":"WebPage","@id":"https:\/\/gbif.es\/en\/stakeholders\/jornadas-administraciones-ambientales\/","url":"https:\/\/gbif.es\/en\/stakeholders\/jornadas-administraciones-ambientales\/","name":"Environmental Administrations (ES) - GBIF.ES","isPartOf":{"@id":"https:\/\/gbif.es\/#website"},"datePublished":"2022-07-04T09:07:39+00:00","dateModified":"2024-02-16T11:49:23+00:00","breadcrumb":{"@id":"https:\/\/gbif.es\/en\/stakeholders\/jornadas-administraciones-ambientales\/#breadcrumb"},"inLanguage":"en-US","potentialAction":[{"@type":"ReadAction","target":["https:\/\/gbif.es\/en\/stakeholders\/jornadas-administraciones-ambientales\/"]}]},{"@type":"BreadcrumbList","@id":"https:\/\/gbif.es\/en\/stakeholders\/jornadas-administraciones-ambientales\/#breadcrumb","itemListElement":[{"@type":"ListItem","position":1,"name":"Stakeholders","item":"https:\/\/gbif.es\/en\/stakeholders\/"},{"@type":"ListItem","position":2,"name":"Environmental Administrations (ES)"}]},{"@type":"WebSite","@id":"https:\/\/gbif.es\/#website","url":"https:\/\/gbif.es\/","name":"GBIF.ES - Nodo Nacional de Informaci\u00f3n en Biodiversidad","description":"National Biodiversity Information Node","publisher":{"@id":"https:\/\/gbif.es\/#organization"},"alternateName":"GBIF.ES","potentialAction":[{"@type":"SearchAction","target":{"@type":"EntryPoint","urlTemplate":"https:\/\/gbif.es\/?s={search_term_string}"},"query-input":{"@type":"PropertyValueSpecification","valueRequired":true,"valueName":"search_term_string"}}],"inLanguage":"en-US"},{"@type":"Organization","@id":"https:\/\/gbif.es\/#organization","name":"GBIF.ES - Nodo Nacional de Informaci\u00f3n en Biodiversidad","url":"https:\/\/gbif.es\/","logo":{"@type":"ImageObject","inLanguage":"en-US","@id":"https:\/\/gbif.es\/#\/schema\/logo\/image\/","url":"https:\/\/gbif.es\/wp-content\/uploads\/2024\/07\/logo-GBIF-RGB-01.png","contentUrl":"https:\/\/gbif.es\/wp-content\/uploads\/2024\/07\/logo-GBIF-RGB-01.png","width":1064,"height":554,"caption":"GBIF.ES - Nodo Nacional de Informaci\u00f3n en Biodiversidad"},"image":{"@id":"https:\/\/gbif.es\/#\/schema\/logo\/image\/"},"sameAs":["https:\/\/x.com\/GbifEs","https:\/\/www.linkedin.com\/company\/gbif-spain\/","https:\/\/www.instagram.com\/gbifes\/","https:\/\/www.threads.net\/@gbifes"]}]}},"_links":{"self":[{"href":"https:\/\/gbif.es\/en\/wp-json\/wp\/v2\/pages\/25771","targetHints":{"allow":["GET"]}}],"collection":[{"href":"https:\/\/gbif.es\/en\/wp-json\/wp\/v2\/pages"}],"about":[{"href":"https:\/\/gbif.es\/en\/wp-json\/wp\/v2\/types\/page"}],"author":[{"embeddable":true,"href":"https:\/\/gbif.es\/en\/wp-json\/wp\/v2\/users\/14"}],"replies":[{"embeddable":true,"href":"https:\/\/gbif.es\/en\/wp-json\/wp\/v2\/comments?post=25771"}],"version-history":[{"count":5,"href":"https:\/\/gbif.es\/en\/wp-json\/wp\/v2\/pages\/25771\/revisions"}],"predecessor-version":[{"id":26963,"href":"https:\/\/gbif.es\/en\/wp-json\/wp\/v2\/pages\/25771\/revisions\/26963"}],"up":[{"embeddable":true,"href":"https:\/\/gbif.es\/en\/wp-json\/wp\/v2\/pages\/11541"}],"wp:attachment":[{"href":"https:\/\/gbif.es\/en\/wp-json\/wp\/v2\/media?parent=25771"}],"curies":[{"name":"wp","href":"https:\/\/api.w.org\/{rel}","templated":true}]}}