{"id":31921,"date":"2025-11-18T14:14:55","date_gmt":"2025-11-18T13:14:55","guid":{"rendered":"https:\/\/gbif.es\/?page_id=31921"},"modified":"2025-11-18T14:14:55","modified_gmt":"2025-11-18T13:14:55","slug":"annual-training-plan-2023-2-2-2","status":"publish","type":"page","link":"https:\/\/gbif.es\/en\/formacion\/annual-training-plan-2023-2-2-2\/","title":{"rendered":"Annual Training Plan 2026"},"content":{"rendered":"<p style=\"text-align: justify;\">Please find below the training activities the Coordination Unit of GBIF Spain has planned for 2025. In some cases, the provided dates are approximate.<\/p>\n<p>Enrollment in training activities does not entail any cost. The selection of admitted applicants is based on what they contribute or can contribute to the overall goals of GBIF and the national node, as well as the specific characteristics of each activity.<\/p>\n<p>The \u201cmore information\u201d links, which lead to the complete details of each workshop, will become active as the workshop dates approach and their contents are confirmed.<\/p>\n<h3>III GBIF.ES Workshop: Conservation, Management, and Digitization of Herbaria<\/h3>\n<p>The workshop will cover the complete process of managing a botanical collection, from the collection and preparation of specimens to their digitization, conservation, and data publication. It will include both theoretical and practical sessions, as well as a visit to the herbarium and the botanical garden.<\/p>\n<p>Date: March 10th \u2013 March 12th 2026<br \/>\nDuration: 25 h (19.5 h on-site + 5.5 h. individual work)<br \/>\nTraining modality: on-site (Real Jard\u00edn Bot\u00e1nico, Madrid)<br \/>\nOrganized by: Asociaci\u00f3n de Herbarios Iberomacaron\u00e9sicos (AHIM), Real Jard\u00edn Bot\u00e1nico de Madrid (CSIC) and GBIF Espa\u00f1a<br \/>\nMore information coming soon<\/p>\n<h3>Webinar GBIF.ES: Publishing Biodiversity Data from the Third Sector<\/h3>\n<p>The aim of this workshop is to train third-sector organizations in the process of publishing biodiversity data following the FAIR principles. Through practical examples, participants will be introduced to the tools, standards, and best practices needed to improve the quality, visibility, and reuse of data generated in monitoring, conservation, and restoration projects. In this way, the workshop seeks to promote their integration into the global GBIF network and strengthen collaboration between the third sector and the scientific community.<\/p>\n<p>Date: to be confirmed (March &#8211; April 2026)<br \/>\nDuration: 1,5 horas<br \/>\nTraining modality: online<br \/>\nOrganized by: Fundaci\u00f3n Global Nature and GBIF Espa\u00f1a<br \/>\nMore information coming soon<\/p>\n<h3>III GBIF.ES Workshop: Improving biodiversity data quality: tools for data quality control, from capture to publication, and use in the GBIF context<\/h3>\n<p>This workshop is focused on providing participants with skills to ensure the quality and reliability of biodiversity data throughout the process. Using practical techniques and specialized tools, participants will learn to identify and correct common errors, standardize data terminology and formats, and evaluate dataset integrity and coherence. This workshop will offer a detailed understanding of best practices for data quality improvement, preparing participants to optimize the value and utility of biodiversity data in scientific research, decision-making, and conservation.<\/p>\n<p>Date: April 21st &#8211; April 4th 2026<br \/>\nDuration: 21 h.<br \/>\nTraining modality: on-site (C\/ Joaqu\u00edn Costa, 22. Madrid)<br \/>\nMore information coming soon<\/p>\n<h3>XIX\u00a0GBIF.ES Workshop: Ecological Niche Modeling<\/h3>\n<p>In this practical workshop, participants will study the concepts and techniques required to create species distribution models using the statistical software R. To participate in the workshop, it is necessary to have at least a user-level knowledge of the R and RStudio computer tools, as well as geographic information systems.<\/p>\n<p>Date: May 5th \u2013 May 8th 2026<br \/>\nDuration: 26 h<br \/>\nTraining modality: on-site (C\/ Joaqu\u00edn Costa, 22. Madrid)<br \/>\nMore information coming soon<\/p>\n<h3>I GBIF.ES Workshop: Publication of molecular data<\/h3>\n<p>Content to be confirmed<\/p>\n<p>Dates: to be confirmed (second half of 2026)<br \/>\nDuration: to be confirmed<br \/>\nTraining modality: on-site (C\/ Joaqu\u00edn Costa, 22. Madrid)<br \/>\nMore information coming soon<\/p>\n<h3>II GBIF.ES Workshop: Management of Sensitive Data<\/h3>\n<p>This workshop focuses on the publication of sensitive biodiversity data. Current strategies will be addressed, and recommendations and best practices will be shared. The aim is to deal with cases where it is not advisable to make all available information public about certain species or biological specimens, whether for conservation, economic, or scientific reasons.<\/p>\n<p>Dates: to be confirmed (second half of 2026)<br \/>\nDuration: to be confirmed<br \/>\nTraining modality: on-site (C\/ Joaqu\u00edn Costa, 22. Madrid)<br \/>\nMore information coming soon<\/p>\n<h3>GBIF.ES: Online Training on the Citizen Science Tool for Collections<\/h3>\n<p>This training will introduce the new Elysia Web module oriented toward crowdsourcing, a tool designed to facilitate the collaborative digitization of labels from herbarium specimens and natural history collections. The session will cover how to transform information that is still only available in analog format into useful digital data, and will present the platform\u2019s functionality, its citizen science approach, and its integration within the GBIF ecosystem.<\/p>\n<p>Dates: to be confirmed (second half of 2026)<br \/>\nDuration: 3 &#8211; 4 h.<br \/>\nTraining modality<br \/>\nMore information coming soon<\/p>\n<h3>VIII GBIF.ES online workshop: Management, visualization and analysis of ecological data by using R software (beginner level)<\/h3>\n<p>This workshop is aimed to provide participants the basics to know how to use the R software to manage, visualize and analyse ecological and biodiversity data. Special emphasis is placed on those tools that allow users to become proficient in the program.<\/p>\n<p>Date: to be confirmed (November)<br \/>\nDuration: 30 h<br \/>\nTraining modality: online<br \/>\nMore information coming soon<\/p>\n","protected":false},"excerpt":{"rendered":"<p>Please find below the training activities the Coordination Unit of GBIF Spain has planned for 2025. In some cases, the provided dates are approximate. Enrollment in training activities does not entail any cost. The selection of admitted applicants is based on what they contribute or can contribute to the overall goals of GBIF and the [&hellip;]<\/p>\n","protected":false},"author":14,"featured_media":31930,"parent":10815,"menu_order":0,"comment_status":"closed","ping_status":"closed","template":"","meta":{"_acf_changed":false,"_et_pb_use_builder":"off","_et_pb_old_content":"","_et_gb_content_width":"","inline_featured_image":false,"footnotes":""},"class_list":["post-31921","page","type-page","status-publish","has-post-thumbnail","hentry"],"acf":[],"yoast_head":"<!-- This site is optimized with the Yoast SEO plugin v27.0 - https:\/\/yoast.com\/product\/yoast-seo-wordpress\/ -->\n<title>Annual Training Plan 2026 - GBIF.ES<\/title>\n<meta name=\"robots\" content=\"index, follow, max-snippet:-1, max-image-preview:large, max-video-preview:-1\" \/>\n<link rel=\"canonical\" href=\"https:\/\/gbif.es\/en\/formacion\/annual-training-plan-2023-2-2-2\/\" \/>\n<meta property=\"og:locale\" content=\"en_US\" \/>\n<meta property=\"og:type\" content=\"article\" \/>\n<meta property=\"og:title\" content=\"Annual Training Plan 2026 - GBIF.ES\" \/>\n<meta property=\"og:description\" content=\"Please find below the training activities the Coordination Unit of GBIF Spain has planned for 2025. In some cases, the provided dates are approximate. Enrollment in training activities does not entail any cost. The selection of admitted applicants is based on what they contribute or can contribute to the overall goals of GBIF and the [&hellip;]\" \/>\n<meta property=\"og:url\" content=\"https:\/\/gbif.es\/en\/formacion\/annual-training-plan-2023-2-2-2\/\" \/>\n<meta property=\"og:site_name\" content=\"GBIF.ES\" \/>\n<meta property=\"og:image\" content=\"https:\/\/gbif.es\/wp-content\/uploads\/2025\/11\/2025-11-06-Plan-de-formacion_credito.png\" \/>\n\t<meta property=\"og:image:width\" content=\"1080\" \/>\n\t<meta property=\"og:image:height\" content=\"540\" \/>\n\t<meta property=\"og:image:type\" content=\"image\/png\" \/>\n<meta name=\"twitter:card\" content=\"summary_large_image\" \/>\n<meta name=\"twitter:site\" content=\"@GbifEs\" \/>\n<meta name=\"twitter:label1\" content=\"Est. reading time\" \/>\n\t<meta name=\"twitter:data1\" content=\"4 minutes\" \/>\n<script type=\"application\/ld+json\" class=\"yoast-schema-graph\">{\"@context\":\"https:\/\/schema.org\",\"@graph\":[{\"@type\":\"WebPage\",\"@id\":\"https:\/\/gbif.es\/en\/formacion\/annual-training-plan-2023-2-2-2\/\",\"url\":\"https:\/\/gbif.es\/en\/formacion\/annual-training-plan-2023-2-2-2\/\",\"name\":\"Annual Training Plan 2026 - GBIF.ES\",\"isPartOf\":{\"@id\":\"https:\/\/gbif.es\/#website\"},\"primaryImageOfPage\":{\"@id\":\"https:\/\/gbif.es\/en\/formacion\/annual-training-plan-2023-2-2-2\/#primaryimage\"},\"image\":{\"@id\":\"https:\/\/gbif.es\/en\/formacion\/annual-training-plan-2023-2-2-2\/#primaryimage\"},\"thumbnailUrl\":\"https:\/\/gbif.es\/wp-content\/uploads\/2025\/11\/2025-11-06-Plan-de-formacion_credito.png\",\"datePublished\":\"2025-11-18T13:14:55+00:00\",\"breadcrumb\":{\"@id\":\"https:\/\/gbif.es\/en\/formacion\/annual-training-plan-2023-2-2-2\/#breadcrumb\"},\"inLanguage\":\"en-US\",\"potentialAction\":[{\"@type\":\"ReadAction\",\"target\":[\"https:\/\/gbif.es\/en\/formacion\/annual-training-plan-2023-2-2-2\/\"]}]},{\"@type\":\"ImageObject\",\"inLanguage\":\"en-US\",\"@id\":\"https:\/\/gbif.es\/en\/formacion\/annual-training-plan-2023-2-2-2\/#primaryimage\",\"url\":\"https:\/\/gbif.es\/wp-content\/uploads\/2025\/11\/2025-11-06-Plan-de-formacion_credito.png\",\"contentUrl\":\"https:\/\/gbif.es\/wp-content\/uploads\/2025\/11\/2025-11-06-Plan-de-formacion_credito.png\",\"width\":1080,\"height\":540,\"caption\":\"Plan de formaci\u00f3n de GBIF Espa\u00f1a 2026\"},{\"@type\":\"BreadcrumbList\",\"@id\":\"https:\/\/gbif.es\/en\/formacion\/annual-training-plan-2023-2-2-2\/#breadcrumb\",\"itemListElement\":[{\"@type\":\"ListItem\",\"position\":1,\"name\":\"Training\",\"item\":\"https:\/\/gbif.es\/en\/formacion\/\"},{\"@type\":\"ListItem\",\"position\":2,\"name\":\"Annual Training Plan 2026\"}]},{\"@type\":\"WebSite\",\"@id\":\"https:\/\/gbif.es\/#website\",\"url\":\"https:\/\/gbif.es\/\",\"name\":\"GBIF.ES - Nodo Nacional de Informaci\u00f3n en Biodiversidad\",\"description\":\"National Biodiversity Information Node\",\"publisher\":{\"@id\":\"https:\/\/gbif.es\/#organization\"},\"alternateName\":\"GBIF.ES\",\"potentialAction\":[{\"@type\":\"SearchAction\",\"target\":{\"@type\":\"EntryPoint\",\"urlTemplate\":\"https:\/\/gbif.es\/?s={search_term_string}\"},\"query-input\":{\"@type\":\"PropertyValueSpecification\",\"valueRequired\":true,\"valueName\":\"search_term_string\"}}],\"inLanguage\":\"en-US\"},{\"@type\":\"Organization\",\"@id\":\"https:\/\/gbif.es\/#organization\",\"name\":\"GBIF.ES - Nodo Nacional de Informaci\u00f3n en Biodiversidad\",\"url\":\"https:\/\/gbif.es\/\",\"logo\":{\"@type\":\"ImageObject\",\"inLanguage\":\"en-US\",\"@id\":\"https:\/\/gbif.es\/#\/schema\/logo\/image\/\",\"url\":\"https:\/\/gbif.es\/wp-content\/uploads\/2024\/07\/logo-GBIF-RGB-01.png\",\"contentUrl\":\"https:\/\/gbif.es\/wp-content\/uploads\/2024\/07\/logo-GBIF-RGB-01.png\",\"width\":1064,\"height\":554,\"caption\":\"GBIF.ES - Nodo Nacional de Informaci\u00f3n en Biodiversidad\"},\"image\":{\"@id\":\"https:\/\/gbif.es\/#\/schema\/logo\/image\/\"},\"sameAs\":[\"https:\/\/x.com\/GbifEs\",\"https:\/\/www.linkedin.com\/company\/gbif-spain\/\",\"https:\/\/www.instagram.com\/gbifes\/\",\"https:\/\/www.threads.net\/@gbifes\"]}]}<\/script>\n<!-- \/ Yoast SEO plugin. -->","yoast_head_json":{"title":"Annual Training Plan 2026 - GBIF.ES","robots":{"index":"index","follow":"follow","max-snippet":"max-snippet:-1","max-image-preview":"max-image-preview:large","max-video-preview":"max-video-preview:-1"},"canonical":"https:\/\/gbif.es\/en\/formacion\/annual-training-plan-2023-2-2-2\/","og_locale":"en_US","og_type":"article","og_title":"Annual Training Plan 2026 - GBIF.ES","og_description":"Please find below the training activities the Coordination Unit of GBIF Spain has planned for 2025. In some cases, the provided dates are approximate. Enrollment in training activities does not entail any cost. The selection of admitted applicants is based on what they contribute or can contribute to the overall goals of GBIF and the [&hellip;]","og_url":"https:\/\/gbif.es\/en\/formacion\/annual-training-plan-2023-2-2-2\/","og_site_name":"GBIF.ES","og_image":[{"width":1080,"height":540,"url":"https:\/\/gbif.es\/wp-content\/uploads\/2025\/11\/2025-11-06-Plan-de-formacion_credito.png","type":"image\/png"}],"twitter_card":"summary_large_image","twitter_site":"@GbifEs","twitter_misc":{"Est. reading time":"4 minutes"},"schema":{"@context":"https:\/\/schema.org","@graph":[{"@type":"WebPage","@id":"https:\/\/gbif.es\/en\/formacion\/annual-training-plan-2023-2-2-2\/","url":"https:\/\/gbif.es\/en\/formacion\/annual-training-plan-2023-2-2-2\/","name":"Annual Training Plan 2026 - GBIF.ES","isPartOf":{"@id":"https:\/\/gbif.es\/#website"},"primaryImageOfPage":{"@id":"https:\/\/gbif.es\/en\/formacion\/annual-training-plan-2023-2-2-2\/#primaryimage"},"image":{"@id":"https:\/\/gbif.es\/en\/formacion\/annual-training-plan-2023-2-2-2\/#primaryimage"},"thumbnailUrl":"https:\/\/gbif.es\/wp-content\/uploads\/2025\/11\/2025-11-06-Plan-de-formacion_credito.png","datePublished":"2025-11-18T13:14:55+00:00","breadcrumb":{"@id":"https:\/\/gbif.es\/en\/formacion\/annual-training-plan-2023-2-2-2\/#breadcrumb"},"inLanguage":"en-US","potentialAction":[{"@type":"ReadAction","target":["https:\/\/gbif.es\/en\/formacion\/annual-training-plan-2023-2-2-2\/"]}]},{"@type":"ImageObject","inLanguage":"en-US","@id":"https:\/\/gbif.es\/en\/formacion\/annual-training-plan-2023-2-2-2\/#primaryimage","url":"https:\/\/gbif.es\/wp-content\/uploads\/2025\/11\/2025-11-06-Plan-de-formacion_credito.png","contentUrl":"https:\/\/gbif.es\/wp-content\/uploads\/2025\/11\/2025-11-06-Plan-de-formacion_credito.png","width":1080,"height":540,"caption":"Plan de formaci\u00f3n de GBIF Espa\u00f1a 2026"},{"@type":"BreadcrumbList","@id":"https:\/\/gbif.es\/en\/formacion\/annual-training-plan-2023-2-2-2\/#breadcrumb","itemListElement":[{"@type":"ListItem","position":1,"name":"Training","item":"https:\/\/gbif.es\/en\/formacion\/"},{"@type":"ListItem","position":2,"name":"Annual Training Plan 2026"}]},{"@type":"WebSite","@id":"https:\/\/gbif.es\/#website","url":"https:\/\/gbif.es\/","name":"GBIF.ES - Nodo Nacional de Informaci\u00f3n en Biodiversidad","description":"National Biodiversity Information Node","publisher":{"@id":"https:\/\/gbif.es\/#organization"},"alternateName":"GBIF.ES","potentialAction":[{"@type":"SearchAction","target":{"@type":"EntryPoint","urlTemplate":"https:\/\/gbif.es\/?s={search_term_string}"},"query-input":{"@type":"PropertyValueSpecification","valueRequired":true,"valueName":"search_term_string"}}],"inLanguage":"en-US"},{"@type":"Organization","@id":"https:\/\/gbif.es\/#organization","name":"GBIF.ES - Nodo Nacional de Informaci\u00f3n en Biodiversidad","url":"https:\/\/gbif.es\/","logo":{"@type":"ImageObject","inLanguage":"en-US","@id":"https:\/\/gbif.es\/#\/schema\/logo\/image\/","url":"https:\/\/gbif.es\/wp-content\/uploads\/2024\/07\/logo-GBIF-RGB-01.png","contentUrl":"https:\/\/gbif.es\/wp-content\/uploads\/2024\/07\/logo-GBIF-RGB-01.png","width":1064,"height":554,"caption":"GBIF.ES - Nodo Nacional de Informaci\u00f3n en Biodiversidad"},"image":{"@id":"https:\/\/gbif.es\/#\/schema\/logo\/image\/"},"sameAs":["https:\/\/x.com\/GbifEs","https:\/\/www.linkedin.com\/company\/gbif-spain\/","https:\/\/www.instagram.com\/gbifes\/","https:\/\/www.threads.net\/@gbifes"]}]}},"_links":{"self":[{"href":"https:\/\/gbif.es\/en\/wp-json\/wp\/v2\/pages\/31921","targetHints":{"allow":["GET"]}}],"collection":[{"href":"https:\/\/gbif.es\/en\/wp-json\/wp\/v2\/pages"}],"about":[{"href":"https:\/\/gbif.es\/en\/wp-json\/wp\/v2\/types\/page"}],"author":[{"embeddable":true,"href":"https:\/\/gbif.es\/en\/wp-json\/wp\/v2\/users\/14"}],"replies":[{"embeddable":true,"href":"https:\/\/gbif.es\/en\/wp-json\/wp\/v2\/comments?post=31921"}],"version-history":[{"count":5,"href":"https:\/\/gbif.es\/en\/wp-json\/wp\/v2\/pages\/31921\/revisions"}],"predecessor-version":[{"id":32027,"href":"https:\/\/gbif.es\/en\/wp-json\/wp\/v2\/pages\/31921\/revisions\/32027"}],"up":[{"embeddable":true,"href":"https:\/\/gbif.es\/en\/wp-json\/wp\/v2\/pages\/10815"}],"wp:featuredmedia":[{"embeddable":true,"href":"https:\/\/gbif.es\/en\/wp-json\/wp\/v2\/media\/31930"}],"wp:attachment":[{"href":"https:\/\/gbif.es\/en\/wp-json\/wp\/v2\/media?parent=31921"}],"curies":[{"name":"wp","href":"https:\/\/api.w.org\/{rel}","templated":true}]}}